{"id":1333,"date":"2024-11-09T15:45:09","date_gmt":"2024-11-09T14:45:09","guid":{"rendered":"https:\/\/bwgclimatic.pl\/?page_id=1333"},"modified":"2024-11-09T15:45:10","modified_gmt":"2024-11-09T14:45:10","slug":"phoenix","status":"publish","type":"page","link":"https:\/\/bwgclimatic.pl\/en\/phoenix\/","title":{"rendered":"Phoenix"},"content":{"rendered":"<p>Indywidualne systemy oczyszczania powietrza wylotowego do usuwania zanieczyszcze\u0144 i skutecznego usuwania nieprzyjemnych zapach\u00f3w za pomoc\u0105 modu\u0142\u00f3w filtracyjnych, foto- i katalitycznego utleniania do rozk\u0142adu cz\u0105steczek i rozpuszczalnik\u00f3w oraz dezaktywacji mikroorganizm\u00f3w. Wyniki? Czyste, \u015bwie\u017ce powietrze, bez zapach\u00f3w. Dost\u0119pne w kompaktowym rozmiarze zaprojektowanym z my\u015bl\u0105 o wydajno\u015bci. Niskie koszty instalacji.<\/p>\n\n\n\n<p>Ch\u0119tnie doradzimy, jak optymalnie dopasowa\u0107 urz\u0105dzenia bioclimatic Pro do wielko\u015bci pomieszczenia, \u017ar\u00f3d\u0142a emisji, przeznaczenia itp.<\/p>","protected":false},"excerpt":{"rendered":"<p>Indywidualne systemy oczyszczania powietrza wylotowego do usuwania zanieczyszcze\u0144 i skutecznego usuwania nieprzyjemnych zapach\u00f3w za pomoc\u0105 modu\u0142\u00f3w filtracyjnych, foto- i katalitycznego utleniania do rozk\u0142adu cz\u0105steczek i rozpuszczalnik\u00f3w oraz dezaktywacji mikroorganizm\u00f3w. Wyniki? Czyste, \u015bwie\u017ce powietrze, bez zapach\u00f3w. Dost\u0119pne w kompaktowym rozmiarze zaprojektowanym z my\u015bl\u0105 o wydajno\u015bci. Niskie koszty instalacji. Ch\u0119tnie doradzimy, jak optymalnie dopasowa\u0107 urz\u0105dzenia bioclimatic Pro [&hellip;]<\/p>","protected":false},"author":3,"featured_media":1215,"parent":0,"menu_order":0,"comment_status":"closed","ping_status":"closed","template":"urzadzenie-jedno.php","meta":{"_acf_changed":false,"footnotes":""},"class_list":["post-1333","page","type-page","status-publish","has-post-thumbnail","hentry"],"acf":[],"_links":{"self":[{"href":"https:\/\/bwgclimatic.pl\/en\/wp-json\/wp\/v2\/pages\/1333","targetHints":{"allow":["GET"]}}],"collection":[{"href":"https:\/\/bwgclimatic.pl\/en\/wp-json\/wp\/v2\/pages"}],"about":[{"href":"https:\/\/bwgclimatic.pl\/en\/wp-json\/wp\/v2\/types\/page"}],"author":[{"embeddable":true,"href":"https:\/\/bwgclimatic.pl\/en\/wp-json\/wp\/v2\/users\/3"}],"replies":[{"embeddable":true,"href":"https:\/\/bwgclimatic.pl\/en\/wp-json\/wp\/v2\/comments?post=1333"}],"version-history":[{"count":1,"href":"https:\/\/bwgclimatic.pl\/en\/wp-json\/wp\/v2\/pages\/1333\/revisions"}],"predecessor-version":[{"id":1334,"href":"https:\/\/bwgclimatic.pl\/en\/wp-json\/wp\/v2\/pages\/1333\/revisions\/1334"}],"wp:featuredmedia":[{"embeddable":true,"href":"https:\/\/bwgclimatic.pl\/en\/wp-json\/wp\/v2\/media\/1215"}],"wp:attachment":[{"href":"https:\/\/bwgclimatic.pl\/en\/wp-json\/wp\/v2\/media?parent=1333"}],"curies":[{"name":"wp","href":"https:\/\/api.w.org\/{rel}","templated":true}]}}